{"id":11204,"date":"2022-08-29T15:14:03","date_gmt":"2022-08-29T14:14:03","guid":{"rendered":"https:\/\/ksi.premiumline-cabling.de\/?page_id=11204"},"modified":"2022-09-13T10:37:15","modified_gmt":"2022-09-13T09:37:15","slug":"impressum","status":"publish","type":"page","link":"https:\/\/ksi.premiumline-cabling.de\/en\/impressum\/","title":{"rendered":"Impressum"},"content":{"rendered":"<p>Premium-Line KSI GmbH<\/p>\n<p>Wholesale of components and accessories for network technology as well as customer-specific special cable production you know the KSI team!<\/p>\n<p><strong>CEO<\/strong>: Ing. Robert Grischany, MBA<\/p>\n<p><strong>VAT-Nr<\/strong>: ATU15073809<\/p>\n<p><strong>Registration number<\/strong>: 109636f<\/p>\n<p><strong>court<\/strong>: LG Wiener Neustadt<\/p>\n<p><strong>Location<\/strong>: 2351 Wiener Neudorf<\/p>\n<p><strong>Authority acc. ECG<\/strong>: Bezirkshauptmannschaft M\u00f6dling<\/p>\n<p><strong>EORI-nr<\/strong>: ATEOS1000001956<\/p>\n<p><strong>D-U-N-S-nr<\/strong>.: 300303179<\/p>\n<p><strong>ARA-nr.<\/strong>.: 1177<\/p>\n<p><strong>DVR-nr.<\/strong>: 0101877<\/p>\n<p>\u200b<\/p>\n<p><strong>Address<\/strong>:<br \/>\nIZ N\u00d6-S\u00fcd, Stra\u00dfe 2a, Objekt M8<br \/>\n2351 Wiener Neudorf<br \/>\nAustria<br \/>\nTel: +43 (0)2236 320 240<br \/>\nFax: +43 (0)2236 320 240-43<br \/>\nE-Mail: ksi@ksi.at<\/p>\n<p><a href=\"http:\/\/ksi.premiumline-cabling.de\/wp-content\/uploads\/2022\/08\/Datenschutzerklaerung_neu-mit-Google-Maps-API.pdf\">Data protection (German)<\/a><\/p>\n<p>Information according ECG: <a href=\"https:\/\/firmen.wko.at\/premium-line-ksi-gmbh\/nieder%c3%b6sterreich\/?firmaid=a3e32284-e97f-4fb4-ac7b-c706da227272&amp;suchbegriff=premium%20line%20ksi\">Wirtschaftskammer \u00d6sterreich<\/a><\/p>\n<p><a href=\"http:\/\/ksi.premiumline-cabling.de\/wp-content\/uploads\/2022\/08\/Allgemeine-Geschaeftsbedingungen_2021_11.pdf\">Terms &#038; Conditions<\/a><\/p>\n<p><a href=\"http:\/\/ksi.premiumline-cabling.de\/wp-content\/uploads\/2022\/08\/Allgemeine-Geschaeftsbedingungen_2021_11.pdf\">Terms &#038; Conditions according FEEI<\/a><\/p>\n<p>&nbsp;<\/p>\n<p><strong>Copyright<\/strong><br \/>\n\u00a9 by Premium-Line KSI<\/p>\n<p>The saved documents, which you can freely download, remain protected by copyright.<\/p>\n<p>The resulting rights, in particular the right of reproduction and distribution, as well as translation and reprinting, remain reserved for Premium-Line KSI GmbH, Wiener Neudorf, even if only partial use is made.<br \/>\n\u200b<br \/>\nNo part of the work may therefore be reproduced in any form, such as print, photocopy or any other method, or processed, duplicated or distributed using electronic systems without the written permission of Premium-Line KSI GmbH.<br \/>\n\u200b<br \/>\nFor questions regarding copyright, please send an email to ksi@ksi.at or call us on +43 2236 320240.<\/p>\n","protected":false},"excerpt":{"rendered":"<p>Premium-Line KSI GmbH Wholesale of components and accessories for network technology as well as customer-specific special cable production you know the KSI team! CEO: Ing. Robert Grischany, MBA VAT-Nr: ATU15073809&#8230;<\/p>\n","protected":false},"author":937,"featured_media":0,"parent":0,"menu_order":0,"comment_status":"closed","ping_status":"closed","template":"","meta":{"footnotes":""},"yoast_head":"<!-- This site is optimized with the Yoast SEO plugin v21.7 - https:\/\/yoast.com\/wordpress\/plugins\/seo\/ -->\n<title>Impressum - Premium-Line KSI<\/title>\n<meta name=\"robots\" content=\"noindex, follow, max-snippet:-1, max-image-preview:large, max-video-preview:-1\" \/>\n<meta property=\"og:locale\" content=\"en_US\" \/>\n<meta property=\"og:type\" content=\"article\" \/>\n<meta property=\"og:title\" content=\"Impressum - Premium-Line KSI\" \/>\n<meta property=\"og:description\" content=\"Premium-Line KSI GmbH Wholesale of components and accessories for network technology as well as customer-specific special cable production you know the KSI team! CEO: Ing. Robert Grischany, MBA VAT-Nr: ATU15073809...\" \/>\n<meta property=\"og:url\" content=\"https:\/\/ksi.premiumline-cabling.de\/en\/impressum\/\" \/>\n<meta property=\"og:site_name\" content=\"Premium-Line KSI\" \/>\n<meta property=\"article:modified_time\" content=\"2022-09-13T09:37:15+00:00\" \/>\n<meta name=\"twitter:card\" content=\"summary_large_image\" \/>\n<meta name=\"twitter:label1\" content=\"Est. reading time\" \/>\n\t<meta name=\"twitter:data1\" content=\"2 minutes\" \/>\n<script type=\"application\/ld+json\" class=\"yoast-schema-graph\">{\"@context\":\"https:\/\/schema.org\",\"@graph\":[{\"@type\":\"WebPage\",\"@id\":\"https:\/\/ksi.premiumline-cabling.de\/en\/impressum\/\",\"url\":\"https:\/\/ksi.premiumline-cabling.de\/en\/impressum\/\",\"name\":\"Impressum - Premium-Line KSI\",\"isPartOf\":{\"@id\":\"https:\/\/ksi.premiumline-cabling.de\/#website\"},\"datePublished\":\"2022-08-29T14:14:03+00:00\",\"dateModified\":\"2022-09-13T09:37:15+00:00\",\"breadcrumb\":{\"@id\":\"https:\/\/ksi.premiumline-cabling.de\/en\/impressum\/#breadcrumb\"},\"inLanguage\":\"en-US\",\"potentialAction\":[{\"@type\":\"ReadAction\",\"target\":[\"https:\/\/ksi.premiumline-cabling.de\/en\/impressum\/\"]}]},{\"@type\":\"BreadcrumbList\",\"@id\":\"https:\/\/ksi.premiumline-cabling.de\/en\/impressum\/#breadcrumb\",\"itemListElement\":[{\"@type\":\"ListItem\",\"position\":1,\"name\":\"\u0413\u043b\u0430\u0432\u043d\u0430\u044f \u0441\u0442\u0440\u0430\u043d\u0438\u0446\u0430\",\"item\":\"https:\/\/ksi.premiumline-cabling.de\/en\/\"},{\"@type\":\"ListItem\",\"position\":2,\"name\":\"Impressum\"}]},{\"@type\":\"WebSite\",\"@id\":\"https:\/\/ksi.premiumline-cabling.de\/#website\",\"url\":\"https:\/\/ksi.premiumline-cabling.de\/\",\"name\":\"Premium-Line KSI\",\"description\":\"Structured Cabling System\",\"publisher\":{\"@id\":\"https:\/\/ksi.premiumline-cabling.de\/#organization\"},\"potentialAction\":[{\"@type\":\"SearchAction\",\"target\":{\"@type\":\"EntryPoint\",\"urlTemplate\":\"https:\/\/ksi.premiumline-cabling.de\/?s={search_term_string}\"},\"query-input\":\"required name=search_term_string\"}],\"inLanguage\":\"en-US\"},{\"@type\":\"Organization\",\"@id\":\"https:\/\/ksi.premiumline-cabling.de\/#organization\",\"name\":\"Premium-Line KSI\",\"url\":\"https:\/\/ksi.premiumline-cabling.de\/\",\"logo\":{\"@type\":\"ImageObject\",\"inLanguage\":\"en-US\",\"@id\":\"https:\/\/ksi.premiumline-cabling.de\/#\/schema\/logo\/image\/\",\"url\":\"https:\/\/ksi.premiumline-cabling.de\/wp-content\/uploads\/2022\/06\/cropped-ksi_logo.webp\",\"contentUrl\":\"https:\/\/ksi.premiumline-cabling.de\/wp-content\/uploads\/2022\/06\/cropped-ksi_logo.webp\",\"width\":190,\"height\":60,\"caption\":\"Premium-Line KSI\"},\"image\":{\"@id\":\"https:\/\/ksi.premiumline-cabling.de\/#\/schema\/logo\/image\/\"}}]}<\/script>\n<!-- \/ Yoast SEO plugin. -->","yoast_head_json":{"title":"Impressum - Premium-Line KSI","robots":{"index":"noindex","follow":"follow","max-snippet":"max-snippet:-1","max-image-preview":"max-image-preview:large","max-video-preview":"max-video-preview:-1"},"og_locale":"en_US","og_type":"article","og_title":"Impressum - Premium-Line KSI","og_description":"Premium-Line KSI GmbH Wholesale of components and accessories for network technology as well as customer-specific special cable production you know the KSI team! CEO: Ing. Robert Grischany, MBA VAT-Nr: ATU15073809...","og_url":"https:\/\/ksi.premiumline-cabling.de\/en\/impressum\/","og_site_name":"Premium-Line KSI","article_modified_time":"2022-09-13T09:37:15+00:00","twitter_card":"summary_large_image","twitter_misc":{"Est. reading time":"2 minutes"},"schema":{"@context":"https:\/\/schema.org","@graph":[{"@type":"WebPage","@id":"https:\/\/ksi.premiumline-cabling.de\/en\/impressum\/","url":"https:\/\/ksi.premiumline-cabling.de\/en\/impressum\/","name":"Impressum - Premium-Line KSI","isPartOf":{"@id":"https:\/\/ksi.premiumline-cabling.de\/#website"},"datePublished":"2022-08-29T14:14:03+00:00","dateModified":"2022-09-13T09:37:15+00:00","breadcrumb":{"@id":"https:\/\/ksi.premiumline-cabling.de\/en\/impressum\/#breadcrumb"},"inLanguage":"en-US","potentialAction":[{"@type":"ReadAction","target":["https:\/\/ksi.premiumline-cabling.de\/en\/impressum\/"]}]},{"@type":"BreadcrumbList","@id":"https:\/\/ksi.premiumline-cabling.de\/en\/impressum\/#breadcrumb","itemListElement":[{"@type":"ListItem","position":1,"name":"\u0413\u043b\u0430\u0432\u043d\u0430\u044f \u0441\u0442\u0440\u0430\u043d\u0438\u0446\u0430","item":"https:\/\/ksi.premiumline-cabling.de\/en\/"},{"@type":"ListItem","position":2,"name":"Impressum"}]},{"@type":"WebSite","@id":"https:\/\/ksi.premiumline-cabling.de\/#website","url":"https:\/\/ksi.premiumline-cabling.de\/","name":"Premium-Line KSI","description":"Structured Cabling System","publisher":{"@id":"https:\/\/ksi.premiumline-cabling.de\/#organization"},"potentialAction":[{"@type":"SearchAction","target":{"@type":"EntryPoint","urlTemplate":"https:\/\/ksi.premiumline-cabling.de\/?s={search_term_string}"},"query-input":"required name=search_term_string"}],"inLanguage":"en-US"},{"@type":"Organization","@id":"https:\/\/ksi.premiumline-cabling.de\/#organization","name":"Premium-Line KSI","url":"https:\/\/ksi.premiumline-cabling.de\/","logo":{"@type":"ImageObject","inLanguage":"en-US","@id":"https:\/\/ksi.premiumline-cabling.de\/#\/schema\/logo\/image\/","url":"https:\/\/ksi.premiumline-cabling.de\/wp-content\/uploads\/2022\/06\/cropped-ksi_logo.webp","contentUrl":"https:\/\/ksi.premiumline-cabling.de\/wp-content\/uploads\/2022\/06\/cropped-ksi_logo.webp","width":190,"height":60,"caption":"Premium-Line KSI"},"image":{"@id":"https:\/\/ksi.premiumline-cabling.de\/#\/schema\/logo\/image\/"}}]}},"_links":{"self":[{"href":"https:\/\/ksi.premiumline-cabling.de\/en\/wp-json\/wp\/v2\/pages\/11204"}],"collection":[{"href":"https:\/\/ksi.premiumline-cabling.de\/en\/wp-json\/wp\/v2\/pages"}],"about":[{"href":"https:\/\/ksi.premiumline-cabling.de\/en\/wp-json\/wp\/v2\/types\/page"}],"author":[{"embeddable":true,"href":"https:\/\/ksi.premiumline-cabling.de\/en\/wp-json\/wp\/v2\/users\/937"}],"replies":[{"embeddable":true,"href":"https:\/\/ksi.premiumline-cabling.de\/en\/wp-json\/wp\/v2\/comments?post=11204"}],"version-history":[{"count":5,"href":"https:\/\/ksi.premiumline-cabling.de\/en\/wp-json\/wp\/v2\/pages\/11204\/revisions"}],"predecessor-version":[{"id":11319,"href":"https:\/\/ksi.premiumline-cabling.de\/en\/wp-json\/wp\/v2\/pages\/11204\/revisions\/11319"}],"wp:attachment":[{"href":"https:\/\/ksi.premiumline-cabling.de\/en\/wp-json\/wp\/v2\/media?parent=11204"}],"curies":[{"name":"wp","href":"https:\/\/api.w.org\/{rel}","templated":true}]}}