{"id":11321,"date":"2022-09-13T10:41:00","date_gmt":"2022-09-13T09:41:00","guid":{"rendered":"https:\/\/ksi.premiumline-cabling.de\/?page_id=11321"},"modified":"2022-09-13T10:41:00","modified_gmt":"2022-09-13T09:41:00","slug":"data-protection","status":"publish","type":"page","link":"https:\/\/ksi.premiumline-cabling.de\/en\/data-protection\/","title":{"rendered":"Data Protection"},"content":{"rendered":"<h3>Datenschutzerkl\u00e4rung<\/h3>\n<p>Der Schutz Ihrer pers\u00f6nlichen Daten ist uns ein besonderes Anliegen. Wir verarbeiten Ihre Daten daher ausschlie\u00dflich auf Grundlage der gesetzlichen Bestimmungen (DSGVO, TKG 2003). In diesen Datenschutzinformationen informieren wir Sie \u00fcber die wichtigsten Aspekte der Datenverarbeitung im Rahmen unserer Website.<\/p>\n<p><strong>Allgemeine Erfassung bei Zugriffen<\/strong><br \/>\nWir erfassen bei jedem Aufruf der Internetseite durch eine Person oder ein automatisiertes System eine Reihe von allgemeinen Daten und Informationen.<br \/>\nDiese werden in den Logfiles des Servers gespeichert.<br \/>\nErfasst werden k\u00f6nnen:<br \/>\n\u2022 die Internet-Protokoll-Adresse (IP-Adresse)<br \/>\n\u2022 das Datum und die Uhrzeit des Zugriffs auf die Internetseite<br \/>\n\u2022 die genaue Unterseite, die auf unserer Internetseite angesteuert wurde<br \/>\n\u2022 die Internetseite, von welcher Sie auf unsere Internetseite gelangt sind (sogenannte Referer)<br \/>\n\u2022 der verwendete Browser und dessen Version<br \/>\n\u2022 das f\u00fcr den Zugriff verwendete Betriebssystem<br \/>\nDie genannten Daten werden durch uns zu folgenden Zwecken verarbeitet:<br \/>\n\u2022 um einen reibungslosen Verbindungsaufbau der Internetseite zu gew\u00e4hrleisten<br \/>\n\u2022 um Inhalte unserer Internetseite f\u00fcr Sie zu optimieren<br \/>\n\u2022 um die Systemsicherheit und Stabilit\u00e4t zu gew\u00e4hrleisten<br \/>\nDiese Punkte liegen in Ihrem und unserem berechtigten Interesse. Daneben verwenden wir diese Daten gegebenenfalls auch, um unseren rechtlichen Verpflichtungen in der Zusammenarbeit mit Strafverfolgungsbeh\u00f6rden nachzukommen. In keinem Fall verwenden wir die erhobenen Daten zu dem Zweck, R\u00fcckschl\u00fcsse auf Ihre Person zu ziehen.<br \/>\nDie Speicherdauer dieser Logfiles betr\u00e4gt max. 2 Monate.<\/p>\n<p><strong>Kontaktm\u00f6glichkeit<\/strong><br \/>\nWenn Sie per Formular auf der Website oder per E-Mail Kontakt mit uns aufnehmen, werden Ihre angegebenen Daten zwecks Bearbeitung der Anfrage und f\u00fcr den Fall von Anschlussfragen sechs Monate bei uns gespeichert. Diese Daten geben wir nicht ohne Ihre Einwilligung weiter.<\/p>\n<p><strong>Datenspeicherung<\/strong><br \/>\nWir weisen darauf hin, dass im Webshop zum Zweck des einfacheren Einkaufsvorganges und zur sp\u00e4teren Vertragsabwicklung im Rahmen von Cookies die IP-Daten des Anschlussinhabers gespeichert werden, ebenso wie Name, Anschrift des K\u00e4ufers.<br \/>\nDie von Ihnen bereitgestellten Daten sind zur Vertragserf\u00fcllung erforderlich. Ohne diese Daten k\u00f6nnen wir den Vertrag mit Ihnen nicht abschlie\u00dfen. Eine Daten\u00fcbermittlung an Dritte erfolgt nicht, mit Ausnahme der \u00dcbermittlung der Kreditkartendaten an die abwickelnden Bankinstitute\/Zahlungsdienstleister zum Zwecke der Abbuchung des Einkaufspreises, an das von uns beauftragte Transportunternehmen \/ Versandunternehmen zur Zustellung der Ware sowie an unseren Steuerberater zur Erf\u00fcllung unserer steuerrechtlichen Verpflichtungen.<br \/>\nWird der laufende Einkaufsvorgang von Ihnen abgebrochen werden die bei uns gespeicherten Daten gel\u00f6scht. Im Falle eines Vertragsabschlusses werden s\u00e4mtliche Daten aus dem Vertragsverh\u00e4ltnis bis zum Ablauf der steuerrechtlichen Aufbewahrungsfrist (7 Jahre) gespeichert.<\/p>\n<p><strong>Cookies<\/strong><br \/>\nUnser Webshop und Website verwenden so genannte Cookies. Dabei handelt es sich um kleine Textdateien, die mit Hilfe des Browsers auf Ihrem Endger\u00e4t abgelegt werden. Sie richten keinen Schaden an. Diese sind notwendig um einen Warenkorb im Webshop zu erm\u00f6glichen. Einige Cookies bleiben auf Ihrem Endger\u00e4t gespeichert, bis Sie diese l\u00f6schen. Cookies erm\u00f6glichen es uns, Ihren Browser beim n\u00e4chsten Besuch wiederzuerkennen.<br \/>\nWenn Sie dies nicht w\u00fcnschen, so k\u00f6nnen Sie Ihren Browser so einrichten, dass er Sie \u00fcber das Setzen von Cookies informiert und Sie dies nur im Einzelfall erlauben.<br \/>\nBei der Deaktivierung von Cookies kann die Funktionalit\u00e4t unseres Webshops eingeschr\u00e4nkt sein.<\/p>\n<p><strong>Google Maps API<\/strong><br \/>\nUnsere Website verwendet Google Maps API, um geographische Informationen auf der Seite Kontakt visuell darzustellen. Google Maps wird von Google Inc., 1600 Amphitheatre Parkway, Mountain View, CA 94043, USA betrieben.<br \/>\nBei der Nutzung von Google Maps werden Informationen \u00fcber die Nutzung unserer Internetseite einschlie\u00dflich Ihrer IP-Adresse an einen Server von Google in den USA \u00fcbertragen und dort gespeichert. Durch die Nutzung dieser Website erkl\u00e4ren Sie sich diesbez\u00fcglich mit der Erfassung, Verarbeitung sowie Nutzung Ihrer automatisch erhobenen Daten durch Google einverstanden.<br \/>\nDie Nutzungsbedingungen f\u00fcr Google Maps finden Sie unter Nutzungsbedingungen f\u00fcr Google Maps http:\/\/www.google.com\/intl\/de_de\/help\/terms_maps.html.<br \/>\nWenn Sie nicht w\u00fcnschen, dass Google Maps Ihre personenbezogenen Daten verarbeitet, deaktivieren Sie dazu JavaScript in Ihrem Browser. Wir weisen Sie jedoch darauf hin, dass Sie in diesem Fall die Kartenanzeige nicht nutzen k\u00f6nnen.<\/p>\n<p><strong>Newsletter<\/strong><br \/>\nSie haben die M\u00f6glichkeit \u00fcber unsere Website unseren Newsletter zu abonnieren. Hierf\u00fcr ben\u00f6tigen wir Ihre E-Mail-Adresse und die Erkl\u00e4rung, dass Sie mit dem Bezug des Newsletters einverstanden sind. Wir bewahren Ihre Adresse solange auf, wie Sie dieses Service nutzen. Eine Weitergabe an Dritte erfolgt nicht.<br \/>\nDer Versand erfolgt durch den Newsletterdienst Constant Contact mit Firmensitz in Waltham, Massachusetts, USA. Dies ist zul\u00e4ssig durch den EU-U.S. Privacy Shield.<br \/>\nDie Zusendung k\u00f6nnen Sie jederzeit widerrufen durch den Abmeldelink am Ende unserer Newsletter oder durch eine Antwort an die Absendeadresse mit dem Hinweis &#8220;abmelden&#8221;, telefonisch oder schriftlich per Post.<\/p>\n<p><strong>Ihre Rechte<\/strong><br \/>\nIhnen stehen grunds\u00e4tzlich die Rechte auf Auskunft, Berichtigung, L\u00f6schung, Einschr\u00e4nkung, Daten\u00fcbertragbarkeit, Widerruf und Widerspruch zu. Wenn Sie glauben, dass die Verarbeitung Ihrer Daten gegen das Datenschutzrecht verst\u00f6\u00dft oder Ihre datenschutzrechtlichen Anspr\u00fcche sonst in einer Weise verletzt worden sind, k\u00f6nnen Sie sich bei der Aufsichtsbeh\u00f6rde beschweren. In \u00d6sterreich ist dies die Datenschutzbeh\u00f6rde.<br \/>\nWeitere Informationen zu Ihren Rechten finden Sie auch bei der Wirtschaftskammer \u00d6sterreich.<\/p>\n<p><strong>Ansprechpartner<\/strong><br \/>\nSie erreichen uns unter:<br \/>\nPremium-Line KSI GmbH<br \/>\nIZ N\u00d6-S\u00fcd, Strasse 2a, Objekt M8<br \/>\n2351 Wiener Neudorf<br \/>\nTelefon: +43 (0)2236 320 240-0<br \/>\nFax: +43 (0)2236 320 240-43<br \/>\nE-Mail: ksi@ksi.at<\/p>\n<p>Anfragen, Erkl\u00e4rungen und R\u00fcckfragen speziell zum Datenschutz richten Sie bitte an: datenschutz@ksi.at<\/p>\n<p>Die Datenschutzerkl\u00e4rung k\u00f6nnen Sie <a href=\"http:\/\/ksi.premiumline-cabling.de\/wp-content\/uploads\/2022\/08\/Datenschutzerklaerung_neu-mit-Google-Maps-API.pdf\">hier<\/a> downloaden.<\/p>\n","protected":false},"excerpt":{"rendered":"<p>Datenschutzerkl\u00e4rung Der Schutz Ihrer pers\u00f6nlichen Daten ist uns ein besonderes Anliegen. Wir verarbeiten Ihre Daten daher ausschlie\u00dflich auf Grundlage der gesetzlichen Bestimmungen (DSGVO, TKG 2003). In diesen Datenschutzinformationen informieren wir&#8230;<\/p>\n","protected":false},"author":937,"featured_media":0,"parent":0,"menu_order":0,"comment_status":"closed","ping_status":"closed","template":"","meta":{"footnotes":""},"yoast_head":"<!-- This site is optimized with the Yoast SEO plugin v21.7 - https:\/\/yoast.com\/wordpress\/plugins\/seo\/ -->\n<title>Data Protection - Premium-Line KSI<\/title>\n<meta name=\"robots\" content=\"noindex, follow, max-snippet:-1, max-image-preview:large, max-video-preview:-1\" \/>\n<meta property=\"og:locale\" content=\"en_US\" \/>\n<meta property=\"og:type\" content=\"article\" \/>\n<meta property=\"og:title\" content=\"Data Protection - Premium-Line KSI\" \/>\n<meta property=\"og:description\" content=\"Datenschutzerkl\u00e4rung Der Schutz Ihrer pers\u00f6nlichen Daten ist uns ein besonderes Anliegen. Wir verarbeiten Ihre Daten daher ausschlie\u00dflich auf Grundlage der gesetzlichen Bestimmungen (DSGVO, TKG 2003). In diesen Datenschutzinformationen informieren wir...\" \/>\n<meta property=\"og:url\" content=\"https:\/\/ksi.premiumline-cabling.de\/en\/data-protection\/\" \/>\n<meta property=\"og:site_name\" content=\"Premium-Line KSI\" \/>\n<meta name=\"twitter:card\" content=\"summary_large_image\" \/>\n<script type=\"application\/ld+json\" class=\"yoast-schema-graph\">{\"@context\":\"https:\/\/schema.org\",\"@graph\":[{\"@type\":\"WebPage\",\"@id\":\"https:\/\/ksi.premiumline-cabling.de\/en\/data-protection\/\",\"url\":\"https:\/\/ksi.premiumline-cabling.de\/en\/data-protection\/\",\"name\":\"Data Protection - Premium-Line KSI\",\"isPartOf\":{\"@id\":\"https:\/\/ksi.premiumline-cabling.de\/#website\"},\"datePublished\":\"2022-09-13T09:41:00+00:00\",\"dateModified\":\"2022-09-13T09:41:00+00:00\",\"breadcrumb\":{\"@id\":\"https:\/\/ksi.premiumline-cabling.de\/en\/data-protection\/#breadcrumb\"},\"inLanguage\":\"en-US\",\"potentialAction\":[{\"@type\":\"ReadAction\",\"target\":[\"https:\/\/ksi.premiumline-cabling.de\/en\/data-protection\/\"]}]},{\"@type\":\"BreadcrumbList\",\"@id\":\"https:\/\/ksi.premiumline-cabling.de\/en\/data-protection\/#breadcrumb\",\"itemListElement\":[{\"@type\":\"ListItem\",\"position\":1,\"name\":\"\u0413\u043b\u0430\u0432\u043d\u0430\u044f \u0441\u0442\u0440\u0430\u043d\u0438\u0446\u0430\",\"item\":\"https:\/\/ksi.premiumline-cabling.de\/en\/\"},{\"@type\":\"ListItem\",\"position\":2,\"name\":\"Data Protection\"}]},{\"@type\":\"WebSite\",\"@id\":\"https:\/\/ksi.premiumline-cabling.de\/#website\",\"url\":\"https:\/\/ksi.premiumline-cabling.de\/\",\"name\":\"Premium-Line KSI\",\"description\":\"Structured Cabling System\",\"publisher\":{\"@id\":\"https:\/\/ksi.premiumline-cabling.de\/#organization\"},\"potentialAction\":[{\"@type\":\"SearchAction\",\"target\":{\"@type\":\"EntryPoint\",\"urlTemplate\":\"https:\/\/ksi.premiumline-cabling.de\/?s={search_term_string}\"},\"query-input\":\"required name=search_term_string\"}],\"inLanguage\":\"en-US\"},{\"@type\":\"Organization\",\"@id\":\"https:\/\/ksi.premiumline-cabling.de\/#organization\",\"name\":\"Premium-Line KSI\",\"url\":\"https:\/\/ksi.premiumline-cabling.de\/\",\"logo\":{\"@type\":\"ImageObject\",\"inLanguage\":\"en-US\",\"@id\":\"https:\/\/ksi.premiumline-cabling.de\/#\/schema\/logo\/image\/\",\"url\":\"https:\/\/ksi.premiumline-cabling.de\/wp-content\/uploads\/2022\/06\/cropped-ksi_logo.webp\",\"contentUrl\":\"https:\/\/ksi.premiumline-cabling.de\/wp-content\/uploads\/2022\/06\/cropped-ksi_logo.webp\",\"width\":190,\"height\":60,\"caption\":\"Premium-Line KSI\"},\"image\":{\"@id\":\"https:\/\/ksi.premiumline-cabling.de\/#\/schema\/logo\/image\/\"}}]}<\/script>\n<!-- \/ Yoast SEO plugin. -->","yoast_head_json":{"title":"Data Protection - Premium-Line KSI","robots":{"index":"noindex","follow":"follow","max-snippet":"max-snippet:-1","max-image-preview":"max-image-preview:large","max-video-preview":"max-video-preview:-1"},"og_locale":"en_US","og_type":"article","og_title":"Data Protection - Premium-Line KSI","og_description":"Datenschutzerkl\u00e4rung Der Schutz Ihrer pers\u00f6nlichen Daten ist uns ein besonderes Anliegen. Wir verarbeiten Ihre Daten daher ausschlie\u00dflich auf Grundlage der gesetzlichen Bestimmungen (DSGVO, TKG 2003). In diesen Datenschutzinformationen informieren wir...","og_url":"https:\/\/ksi.premiumline-cabling.de\/en\/data-protection\/","og_site_name":"Premium-Line KSI","twitter_card":"summary_large_image","schema":{"@context":"https:\/\/schema.org","@graph":[{"@type":"WebPage","@id":"https:\/\/ksi.premiumline-cabling.de\/en\/data-protection\/","url":"https:\/\/ksi.premiumline-cabling.de\/en\/data-protection\/","name":"Data Protection - Premium-Line KSI","isPartOf":{"@id":"https:\/\/ksi.premiumline-cabling.de\/#website"},"datePublished":"2022-09-13T09:41:00+00:00","dateModified":"2022-09-13T09:41:00+00:00","breadcrumb":{"@id":"https:\/\/ksi.premiumline-cabling.de\/en\/data-protection\/#breadcrumb"},"inLanguage":"en-US","potentialAction":[{"@type":"ReadAction","target":["https:\/\/ksi.premiumline-cabling.de\/en\/data-protection\/"]}]},{"@type":"BreadcrumbList","@id":"https:\/\/ksi.premiumline-cabling.de\/en\/data-protection\/#breadcrumb","itemListElement":[{"@type":"ListItem","position":1,"name":"\u0413\u043b\u0430\u0432\u043d\u0430\u044f \u0441\u0442\u0440\u0430\u043d\u0438\u0446\u0430","item":"https:\/\/ksi.premiumline-cabling.de\/en\/"},{"@type":"ListItem","position":2,"name":"Data Protection"}]},{"@type":"WebSite","@id":"https:\/\/ksi.premiumline-cabling.de\/#website","url":"https:\/\/ksi.premiumline-cabling.de\/","name":"Premium-Line KSI","description":"Structured Cabling System","publisher":{"@id":"https:\/\/ksi.premiumline-cabling.de\/#organization"},"potentialAction":[{"@type":"SearchAction","target":{"@type":"EntryPoint","urlTemplate":"https:\/\/ksi.premiumline-cabling.de\/?s={search_term_string}"},"query-input":"required name=search_term_string"}],"inLanguage":"en-US"},{"@type":"Organization","@id":"https:\/\/ksi.premiumline-cabling.de\/#organization","name":"Premium-Line KSI","url":"https:\/\/ksi.premiumline-cabling.de\/","logo":{"@type":"ImageObject","inLanguage":"en-US","@id":"https:\/\/ksi.premiumline-cabling.de\/#\/schema\/logo\/image\/","url":"https:\/\/ksi.premiumline-cabling.de\/wp-content\/uploads\/2022\/06\/cropped-ksi_logo.webp","contentUrl":"https:\/\/ksi.premiumline-cabling.de\/wp-content\/uploads\/2022\/06\/cropped-ksi_logo.webp","width":190,"height":60,"caption":"Premium-Line KSI"},"image":{"@id":"https:\/\/ksi.premiumline-cabling.de\/#\/schema\/logo\/image\/"}}]}},"_links":{"self":[{"href":"https:\/\/ksi.premiumline-cabling.de\/en\/wp-json\/wp\/v2\/pages\/11321"}],"collection":[{"href":"https:\/\/ksi.premiumline-cabling.de\/en\/wp-json\/wp\/v2\/pages"}],"about":[{"href":"https:\/\/ksi.premiumline-cabling.de\/en\/wp-json\/wp\/v2\/types\/page"}],"author":[{"embeddable":true,"href":"https:\/\/ksi.premiumline-cabling.de\/en\/wp-json\/wp\/v2\/users\/937"}],"replies":[{"embeddable":true,"href":"https:\/\/ksi.premiumline-cabling.de\/en\/wp-json\/wp\/v2\/comments?post=11321"}],"version-history":[{"count":1,"href":"https:\/\/ksi.premiumline-cabling.de\/en\/wp-json\/wp\/v2\/pages\/11321\/revisions"}],"predecessor-version":[{"id":11322,"href":"https:\/\/ksi.premiumline-cabling.de\/en\/wp-json\/wp\/v2\/pages\/11321\/revisions\/11322"}],"wp:attachment":[{"href":"https:\/\/ksi.premiumline-cabling.de\/en\/wp-json\/wp\/v2\/media?parent=11321"}],"curies":[{"name":"wp","href":"https:\/\/api.w.org\/{rel}","templated":true}]}}